{"id":3113,"date":"2019-02-26T16:25:03","date_gmt":"2019-02-26T15:25:03","guid":{"rendered":"https:\/\/www.scuolascipadola.it\/skiverleih\/"},"modified":"2019-02-26T16:30:28","modified_gmt":"2019-02-26T15:30:28","slug":"skiverleih","status":"publish","type":"page","link":"https:\/\/www.scuolascipadola.it\/de\/skiverleih\/","title":{"rendered":"Skiverleih"},"content":{"rendered":"<div class=\"wpb-content-wrapper\"><p>[vc_row][vc_column]<div class=\"sc_section sc_section_block margin_top_tiny-\"><div class=\"sc_section_inner\"><div class=\"sc_section_content_wrap\"><div class=\"sc_section\"><div class=\"sc_section_inner\"><h2 class=\"sc_section_title sc_item_title sc_item_title_with_descr\">Kontaktiere die folgenden Skiverleih<\/h2><div class=\"sc_section_descr sc_item_descr\">Falls Ihr eine Skiausr\u00fcstung ben\u00f6tigt, k\u00f6nnt Ihr euch gerne an den Skiverleih neben der Skischule wenden.<br \/>\n<b>Die Skischule \u00fcbernimmt keinerlei Haftung f\u00fcr Preise, Angebote oder geliehene Sachen.<\/b><\/div><div class=\"sc_section_content_wrap\"><\/div><\/div><\/div><\/div><\/div><\/div>[vc_empty_space height=&#8220;0.1em&#8220;]<div class=\"columns_wrap sc_columns columns_nofluid sc_columns_count_3 margin_top_small margin_bottom_medium\" data-equal-height=\".sc_column_item\"><div id=\"noleggio-h1\" class=\"column-1_3 sc_column_item sc_column_item_1 odd first\"><div class=\"sc_section\" style=\"background-image:url(https:\/\/www.scuolascipadola.it\/wp-content\/uploads\/2018\/08\/ski-carving-center.jpg);background-repeat:no-repeat;background-size:cover;\"><div class=\"sc_section_inner\"><div class=\"sc_section_overlay\" style=\"background-color:rgba(195,211,0,0.8);\" data-overlay=\"0.8\" data-bg_color=\"#c3d300\"><div class=\"sc_section_content padding_on\" style=\"\"><div class=\"sc_section_content_wrap\"><div class=\"sc_section sc_section_block margin_top_small margin_right_small margin_bottom_small margin_left_small\"><div class=\"sc_section_inner\"><div class=\"sc_section_content_wrap\"><h4 class=\"sc_title sc_title_regular margin_top_null margin_bottom_null\" style=\"color:#ffffff;\">Skiverleih<\/h4><h1 class=\"sc_title sc_title_underline_white margin_top_null margin_bottom_null\">SKI CARVING CENTER<\/h1>[vc_empty_space height=&#8220;2em&#8220;]<a href=\"http:\/\/www.skicarvingcenter.it\/\" target=\"blank\" class=\"sc_button sc_button_square sc_button_style_simple_alt_hover sc_button_size_large margin_top_medium  sc_button_iconed icon-right-small\">MEHR INFO<\/a>[vc_empty_space height=&#8220;1.3em&#8220;]<\/div><\/div><\/div><\/div><\/div><\/div><\/div><\/div><\/div><div id=\"noleggio-h1\" class=\"column-1_3 sc_column_item sc_column_item_2 even\"><div class=\"sc_section\" style=\"background-image:url(https:\/\/www.scuolascipadola.it\/wp-content\/uploads\/2018\/06\/noleggio.jpg);background-repeat:no-repeat;background-size:cover;\"><div class=\"sc_section_inner\"><div class=\"sc_section_overlay\" style=\"background-color:rgba(195,211,0,0.8);\" data-overlay=\"0.8\" data-bg_color=\"#c3d300\"><div class=\"sc_section_content padding_on\" style=\"\"><div class=\"sc_section_content_wrap\"><div class=\"sc_section sc_section_block margin_top_small margin_right_small margin_bottom_small margin_left_small\"><div class=\"sc_section_inner\"><div class=\"sc_section_content_wrap\"><h4 class=\"sc_title sc_title_regular margin_top_null margin_bottom_null\" style=\"color:#ffffff;\">Skiverleih<\/h4><h1 class=\"sc_title sc_title_underline_white margin_top_null margin_bottom_null\">NOLEGGIO COSTANTINO<\/h1>[vc_empty_space height=&#8220;2em&#8220;]<a href=\"http:\/\/www.noleggioscicostantino.it\/\" target=\"blank\" class=\"sc_button sc_button_square sc_button_style_simple_alt_hover sc_button_size_large margin_top_medium  sc_button_iconed icon-right-small\">MEHR INFO<\/a>[vc_empty_space height=&#8220;1.3em&#8220;]<\/div><\/div><\/div><\/div><\/div><\/div><\/div><\/div><\/div><div id=\"noleggio-h1\" class=\"column-1_3 sc_column_item sc_column_item_3 odd\"><div class=\"sc_section\" style=\"background-image:url(https:\/\/www.scuolascipadola.it\/wp-content\/uploads\/2018\/08\/noleggio-sci.jpg);background-repeat:no-repeat;background-size:cover;\"><div class=\"sc_section_inner\"><div class=\"sc_section_overlay\" style=\"background-color:rgba(195,211,0,0.8);\" data-overlay=\"0.8\" data-bg_color=\"#c3d300\"><div class=\"sc_section_content padding_on\" style=\"\"><div class=\"sc_section_content_wrap\"><div class=\"sc_section sc_section_block margin_top_small margin_right_small margin_bottom_small margin_left_small\"><div class=\"sc_section_inner\"><div class=\"sc_section_content_wrap\"><h4 class=\"sc_title sc_title_regular margin_top_null margin_bottom_null\" style=\"color:#ffffff;\">Skiverleih<\/h4><h1 class=\"sc_title sc_title_underline_white margin_top_null margin_bottom_null\">DOLOMITI TRAIL<\/h1>[vc_empty_space height=&#8220;2em&#8220;]<a href=\"http:\/\/www.dolomititrail.it\/\" target=\"blank\" class=\"sc_button sc_button_square sc_button_style_simple_alt_hover sc_button_size_large margin_top_medium  sc_button_iconed icon-right-small\">MEHR INFO<\/a>[vc_empty_space height=&#8220;1.3em&#8220;]<\/div><\/div><\/div><\/div><\/div><\/div><\/div><\/div><\/div><\/div>[vc_empty_space height=&#8220;1.3em&#8220;][\/vc_column][\/vc_row][vc_row][vc_column][vc_column_text][\/vc_column_text][\/vc_column][\/vc_row][vc_row inverse=&#8220;&#8220; el_id=&#8220;abc&#8220;][vc_column][vc_empty_space height=&#8220;0.7em&#8220;]<div id=\"sc_services_349600788_wrap\" class=\"sc_services_wrap\"><div id=\"sc_services_349600788\" class=\"sc_services sc_services_style_services-1 sc_services_type_icons  margin_top_medium margin_bottom_medium title_center\" style=\"width:100%;\"><h2 class=\"sc_services_title sc_item_title sc_item_title_without_descr\">Kontaktierte uns f\u00fcr mehr Info<\/h2><div class=\"sc_columns columns_wrap\"><div class=\"column-1_3 column_padding_bottom\">\t\t\t<div id=\"sc_services_349600788_1\"\t\t\t\tclass=\"sc_services_item sc_services_item_1 odd first\"\n\t\t\t\t>\n\t\t\t\t<span class=\"sc_icon icon-mobile-1\"><\/span>\t\t\t\t<div class=\"sc_services_item_content\">\n\t\t\t\t\t<h4 class=\"sc_services_item_title\">Kontakte<\/h4>\n\t\t\t\t\t<div class=\"sc_services_item_description\">\n\t\t\t\t\t\t<p>[vc_column_text el_class=&#8220;size-contact&#8220;]<a href=\"tel:+393295340079\">3295340079<\/a><br \/>\n<a href=\"mailto:info@scuolascipadola.it\">info@scuolascipadola.it<\/a>[\/vc_column_text]<\/p>\t\t\t\t\t<\/div>\n\t\t\t\t<\/div>\n\t\t\t<\/div>\n\t\t<\/div><div class=\"column-1_3 column_padding_bottom\">\t\t\t<div id=\"sc_services_349600788_2\"\t\t\t\tclass=\"sc_services_item sc_services_item_2 even\"\n\t\t\t\t>\n\t\t\t\t<span class=\"sc_icon icon-location-1\"><\/span>\t\t\t\t<div class=\"sc_services_item_content\">\n\t\t\t\t\t<h4 class=\"sc_services_item_title\">Wo sind wir<\/h4>\n\t\t\t\t\t<div class=\"sc_services_item_description\">\n\t\t\t\t\t\t<p>[vc_column_text el_class=&#8220;size-contact&#8220;]Via Rodolfo Martini, 31<br \/>\n32040 Padola (BL)[\/vc_column_text]<\/p>\t\t\t\t\t<\/div>\n\t\t\t\t<\/div>\n\t\t\t<\/div>\n\t\t<\/div><div class=\"column-1_3 column_padding_bottom\">\t\t\t<div id=\"sc_services_349600788_3\"\t\t\t\tclass=\"sc_services_item sc_services_item_3 odd\"\n\t\t\t\t>\n\t\t\t\t<span class=\"sc_icon icon-clock-1\"><\/span>\t\t\t\t<div class=\"sc_services_item_content\">\n\t\t\t\t\t<h4 class=\"sc_services_item_title\">\u00d6ffnungszeiten<\/h4>\n\t\t\t\t\t<div class=\"sc_services_item_description\">\n\t\t\t\t\t\t<p>[vc_column_text el_class=&#8220;size-contact&#8220;]\u00d6ffnungszeiten B\u00fcro :<br \/>\n8.30 \u2013 17.30 Uhr<br \/>\nTelefonisch erreichbar :<br \/>\n08.00 \u2013 19.00 Uhr[\/vc_column_text]<\/p>\t\t\t\t\t<\/div>\n\t\t\t\t<\/div>\n\t\t\t<\/div>\n\t\t<\/div><\/div><\/div><!-- \/.sc_services --><\/div><!-- \/.sc_services_wrap -->[vc_column_text]<\/p>\n<div class=\"caldera-grid\" id=\"caldera_form_1\" data-cf-ver=\"1.9.6\" data-cf-form-id=\"CF5c7513c66cee0\"><div id=\"caldera_notices_1\" data-spinner=\"https:\/\/www.scuolascipadola.it\/wp-admin\/images\/spinner.gif\"><\/div><form data-instance=\"1\" class=\"CF5c7513c66cee0 caldera_forms_form cfajax-trigger\" method=\"POST\" enctype=\"multipart\/form-data\" id=\"CF5c7513c66cee0_1\" data-form-id=\"CF5c7513c66cee0\" aria-label=\"form-contatti-de\" data-target=\"#caldera_notices_1\" data-template=\"#cfajax_CF5c7513c66cee0-tmpl\" data-cfajax=\"CF5c7513c66cee0\" data-load-element=\"_parent\" data-load-class=\"cf_processing\" data-post-disable=\"0\" data-action=\"cf_process_ajax_submit\" data-request=\"https:\/\/www.scuolascipadola.it\/de\/\/cf-api\/CF5c7513c66cee0\">\r\n<input type=\"hidden\" id=\"_cf_verify_CF5c7513c66cee0\" name=\"_cf_verify\" value=\"d3a90d1eeb\"  data-nonce-time=\"1776889808\" \/><input type=\"hidden\" name=\"_wp_http_referer\" value=\"\/de\/wp-json\/wp\/v2\/pages\/3113\" \/><div id=\"cf2-CF5c7513c66cee0_1\"><\/div><input type=\"hidden\" name=\"_cf_frm_id\" value=\"CF5c7513c66cee0\">\r\n<input type=\"hidden\" name=\"_cf_frm_ct\" value=\"1\">\r\n<input type=\"hidden\" name=\"cfajax\" value=\"CF5c7513c66cee0\">\r\n<input type=\"hidden\" name=\"_cf_cr_pst\" value=\"3113\">\r\n<div class=\"hide\" style=\"display:none; overflow:hidden;height:0;width:0;\">\r\n<label>E-Mail-Adresse<\/label><input type=\"text\" name=\"email\" value=\"\" autocomplete=\"off\">\r\n<\/div><div id=\"CF5c7513c66cee0_1-row-1\"  class=\"row  first_row\"><div  class=\"col-sm-4  first_col\"><div data-field-wrapper=\"fld_8768091\" class=\"form-group padding-form\" id=\"fld_8768091_1-wrap\">\r\n\t<label id=\"fld_8768091Label\" for=\"fld_8768091_1\" class=\"control-label screen-reader-text sr-only\">NAME<\/label>\r\n\t<div class=\"\">\r\n\t\t<input placeholder=\"NAME\"  required type=\"text\" data-field=\"fld_8768091\" class=\" form-control\" id=\"fld_8768091_1\" name=\"fld_8768091\" value=\"\" data-type=\"text\" aria-required=\"true\"   aria-labelledby=\"fld_8768091Label\" >\t\t\t<\/div>\r\n<\/div>\r\n<\/div><div  class=\"col-sm-4 \"><div data-field-wrapper=\"fld_9970286\" class=\"form-group padding-form\" id=\"fld_9970286_1-wrap\">\r\n\t<label id=\"fld_9970286Label\" for=\"fld_9970286_1\" class=\"control-label screen-reader-text sr-only\">NACHNAME<\/label>\r\n\t<div class=\"\">\r\n\t\t<input placeholder=\"NACHNAME\"  required type=\"text\" data-field=\"fld_9970286\" class=\" form-control\" id=\"fld_9970286_1\" name=\"fld_9970286\" value=\"\" data-type=\"text\" aria-required=\"true\"   aria-labelledby=\"fld_9970286Label\" >\t\t\t<\/div>\r\n<\/div>\r\n<\/div><div  class=\"col-sm-4  last_col\"><div data-field-wrapper=\"fld_6009157\" class=\"form-group padding-form\" id=\"fld_6009157_1-wrap\">\r\n\t<label id=\"fld_6009157Label\" for=\"fld_6009157_1\" class=\"control-label screen-reader-text sr-only\">EMAIL<\/label>\r\n\t<div class=\"\">\r\n\t\t<input placeholder=\"EMAIL\"  required type=\"email\" data-field=\"fld_6009157\" class=\" form-control\" id=\"fld_6009157_1\" name=\"fld_6009157\" value=\"\" data-type=\"email\" aria-required=\"true\"   aria-labelledby=\"fld_6009157Label\" >\t\t\t<\/div>\r\n<\/div>\r\n<\/div><\/div><div id=\"CF5c7513c66cee0_1-row-2\"  class=\"row \"><div  class=\"col-sm-12  single\"><div data-field-wrapper=\"fld_8317119\" class=\"form-group padding-form\" id=\"fld_8317119_1-wrap\">\r\n\t<label id=\"fld_8317119Label\" for=\"fld_8317119_1\" class=\"control-label screen-reader-text sr-only\">OBJECT<\/label>\r\n\t<div class=\"\">\r\n\t\t<input placeholder=\"OBJECT\"  required type=\"text\" data-field=\"fld_8317119\" class=\" form-control\" id=\"fld_8317119_1\" name=\"fld_8317119\" value=\"\" data-type=\"text\" aria-required=\"true\"   aria-labelledby=\"fld_8317119Label\" >\t\t\t<\/div>\r\n<\/div>\r\n<div data-field-wrapper=\"fld_7683514\" class=\"form-group padding-form\" id=\"fld_7683514_1-wrap\">\r\n\t<label id=\"fld_7683514Label\" for=\"fld_7683514_1\" class=\"control-label screen-reader-text sr-only\">SCHREIBEN SIE DIE NACHRICHT<\/label>\r\n\t<div class=\"\">\r\n\t\t<textarea name=\"fld_7683514\" value=\"\" data-field=\"fld_7683514\" class=\"form-control\" id=\"fld_7683514_1\" rows=\"7\" placeholder=\"SCHREIBEN SIE DIE NACHRICHT\"  required=\"required\"  aria-labelledby=\"fld_7683514Label\" ><\/textarea>\n\t\t\t<\/div>\r\n<\/div>\r\n<\/div><\/div><div id=\"CF5c7513c66cee0_1-row-3\"  class=\"row  last_row\"><div  class=\"col-sm-12  single\"><div data-field-wrapper=\"fld_7908577\" class=\"form-group\" id=\"fld_7908577_1-wrap\">\r\n<div class=\"\">\r\n\t<input  class=\"btn btn-default\" type=\"submit\" name=\"fld_7908577\" id=\"fld_7908577_1\" value=\"SENDEN\" data-field=\"fld_7908577\"  >\n<\/div>\r\n<\/div>\r\n\t<input class=\"button_trigger_1\" type=\"hidden\" name=\"fld_7908577\" id=\"fld_7908577_1_btn\" value=\"\" data-field=\"fld_7908577\"  \/>\n<\/div><\/div><\/form>\r\n<\/div>\r\n\n<p>[\/vc_column_text][\/vc_column][\/vc_row]<\/p>\n<\/div>","protected":false},"excerpt":{"rendered":"<p>[vc_row][vc_column][vc_empty_space height=&#8220;0.1em&#8220;][vc_empty_space height=&#8220;1.3em&#8220;][\/vc_column][\/vc_row][vc_row][vc_column][vc_column_text][\/vc_column_text][\/vc_column][\/vc_row][vc_row inverse=&#8220;&#8220; el_id=&#8220;abc&#8220;][vc_column][vc_empty_space height=&#8220;0.7em&#8220;][vc_column_text][\/vc_column_text][\/vc_column][\/vc_row]<\/p>\n","protected":false},"author":1,"featured_media":0,"parent":0,"menu_order":0,"comment_status":"closed","ping_status":"closed","template":"","meta":{"_exactmetrics_skip_tracking":false,"_exactmetrics_sitenote_active":false,"_exactmetrics_sitenote_note":"","_exactmetrics_sitenote_category":0,"footnotes":""},"class_list":["post-3113","page","type-page","status-publish","hentry"],"_links":{"self":[{"href":"https:\/\/www.scuolascipadola.it\/de\/wp-json\/wp\/v2\/pages\/3113","targetHints":{"allow":["GET"]}}],"collection":[{"href":"https:\/\/www.scuolascipadola.it\/de\/wp-json\/wp\/v2\/pages"}],"about":[{"href":"https:\/\/www.scuolascipadola.it\/de\/wp-json\/wp\/v2\/types\/page"}],"author":[{"embeddable":true,"href":"https:\/\/www.scuolascipadola.it\/de\/wp-json\/wp\/v2\/users\/1"}],"replies":[{"embeddable":true,"href":"https:\/\/www.scuolascipadola.it\/de\/wp-json\/wp\/v2\/comments?post=3113"}],"version-history":[{"count":0,"href":"https:\/\/www.scuolascipadola.it\/de\/wp-json\/wp\/v2\/pages\/3113\/revisions"}],"wp:attachment":[{"href":"https:\/\/www.scuolascipadola.it\/de\/wp-json\/wp\/v2\/media?parent=3113"}],"curies":[{"name":"wp","href":"https:\/\/api.w.org\/{rel}","templated":true}]}}