{"id":3177,"date":"2019-02-26T18:46:14","date_gmt":"2019-02-26T17:46:14","guid":{"rendered":"https:\/\/www.scuolascipadola.it\/kurse\/alpin-ski\/kurse-rocker-ski\/"},"modified":"2025-08-25T15:39:47","modified_gmt":"2025-08-25T13:39:47","slug":"kurse-rocker-ski","status":"publish","type":"page","link":"https:\/\/www.scuolascipadola.it\/de\/kurse\/alpin-ski\/kurse-rocker-ski\/","title":{"rendered":"Kurse Rocker Ski"},"content":{"rendered":"<div class=\"wpb-content-wrapper\"><p>[vc_row css=&#8220;.vc_custom_1529479750714{margin-top: 50px !important;}&#8220;][vc_column][vc_custom_heading text=&#8220;&#8220; font_container=&#8220;tag:div|font_size:0.933em|text_align:left|color:%23cecece|line_height:3.5em&#8220; google_fonts=&#8220;font_family:Montserrat%3Aregular%2C700|font_style:400%20regular%3A400%3Anormal&#8220;]<div class=\"sc_section\"><div class=\"sc_section_inner\"><h2 class=\"sc_section_title sc_item_title sc_item_title_without_descr\">Starten Sie von hier aus<\/h2><div class=\"sc_section_content_wrap\">[vc_column_text]<\/p>\n<h4>F\u00fcr alle erfahrenen Skifahrer, oder die es werden m\u00f6chten, die alle Skipisten und Tiefschnee bew\u00e4ltigen und den Tag auf den Skiern Spa\u00df haben m\u00f6chten.<\/h4>\n<p>[\/vc_column_text][vc_empty_space height=&#8220;0.5em&#8220;]<\/div><\/div><\/div>[vc_empty_space]<div id=\"sc_tabs_1111498750\" class=\"sc_tabs sc_tabs_style_1\" data-active=\"0\"><ul class=\"sc_tabs_titles\"><li class=\"sc_tabs_title first\"><a href=\"#sc_tab_1533740035_1_36\" class=\"theme_button\" id=\"sc_tab_1533740035_1_36_tab\">Preis<\/a><\/li><li class=\"sc_tabs_title\"><a href=\"#sc_tab_1533740035_2_50\" class=\"theme_button\" id=\"sc_tab_1533740035_2_50_tab\">Dauer<\/a><\/li><li class=\"sc_tabs_title last\"><a href=\"#sc_tab_1533740168313_7\" class=\"theme_button\" id=\"sc_tab_1533740168313_7_tab\">Angebot<\/a><\/li><\/ul><div id=\"sc_tab_1533740035_1_36\" class=\"sc_tabs_content odd first\">[vc_column_text css=&#8220;&#8220;]<\/p>\n<h5 class=\"blu\"><b>Preis: 250Euro pro Person ( Mittagessen inklusiv)<\/b><\/h5>\n<p>[\/vc_column_text]<\/div><div id=\"sc_tab_1533740035_2_50\" class=\"sc_tabs_content even\">[vc_column_text]<\/p>\n<h5 class=\"blu\"><b>Dauer: 5 giorni dalle 10:30 alle 13:30 I Partecipazione richiesta per almeno 3 giorni I Ore di corso: 1:30 per 3-4 persone\/ 2:30 per 5+ persone <\/b><\/h5>\n<p>[\/vc_column_text]<\/div><div id=\"sc_tab_1533740168313_7\" class=\"sc_tabs_content odd\">[vc_column_text]<\/p>\n<h5 class=\"blu\"><b>FAMILIENANGEBOT: in caso di partecipazione al corso di 5gg. di DUE o PI\u00d9 FRATELLI, 10% di sconto dal secondo iscritto. Si consiglia prenotazione (verr\u00e0 data la precedenza alle prenotazioni per l&#8217;intero corso). La partecipazione al corso pu\u00f2 essere annullata solo prima di 24h dall&#8217;inizio dello stesso. <\/b><\/h5>\n<p>[\/vc_column_text]<\/div><\/div>[\/vc_column][\/vc_row][vc_row css=&#8220;.vc_custom_1529479750714{margin-top: 50px !important;}&#8220;][vc_column width=&#8220;1\/4&#8243;][vc_single_image image=&#8220;2209&#8243; img_size=&#8220;large&#8220; css_animation=&#8220;fadeIn&#8220;][\/vc_column][vc_column width=&#8220;1\/4&#8243;][vc_single_image image=&#8220;2208&#8243; img_size=&#8220;large&#8220; css_animation=&#8220;fadeIn&#8220;][\/vc_column][vc_column width=&#8220;1\/4&#8243;][vc_single_image image=&#8220;2207&#8243; img_size=&#8220;large&#8220; css_animation=&#8220;fadeIn&#8220;][\/vc_column][vc_column width=&#8220;1\/4&#8243;][vc_single_image image=&#8220;2210&#8243; img_size=&#8220;large&#8220; css_animation=&#8220;fadeIn&#8220;][\/vc_column][\/vc_row][vc_row][vc_column][vc_empty_space height=&#8220;3em&#8220;][vc_custom_heading text=&#8220;&#8220; font_container=&#8220;tag:div|font_size:0.933em|text_align:left|color:%23cecece|line_height:3.5em&#8220; google_fonts=&#8220;font_family:Montserrat%3Aregular%2C700|font_style:400%20regular%3A400%3Anormal&#8220;]<div class=\"sc_section\"><div class=\"sc_section_inner\"><h2 class=\"sc_section_title sc_item_title sc_item_title_with_descr\">Ben\u00f6tigst du eine skiAusr\u00fcstung?<\/h2><div class=\"sc_section_descr sc_item_descr\">Kontaktiere folgende Skiverleih.<\/div><div class=\"sc_section_content_wrap\"><\/div><\/div><\/div>[vc_btn title=&#8220;Mehr Info&#8220; color=&#8220;primary&#8220; link=&#8220;url:https%3A%2F%2Fwww.scuolascipadola.it%2Fde%2Fskiverleih%2F|&#8220;][\/vc_column][\/vc_row][vc_row inverse=&#8220;&#8220; el_id=&#8220;abc&#8220;][vc_column][vc_empty_space height=&#8220;0.7em&#8220;]<div id=\"sc_services_1380448894_wrap\" class=\"sc_services_wrap\"><div id=\"sc_services_1380448894\" class=\"sc_services sc_services_style_services-1 sc_services_type_icons  margin_top_medium margin_bottom_medium title_center\" style=\"width:100%;\"><h2 class=\"sc_services_title sc_item_title sc_item_title_without_descr\">Kontaktierte uns f\u00fcr mehr Info<\/h2><div class=\"sc_columns columns_wrap\"><div class=\"column-1_3 column_padding_bottom\">\t\t\t<div id=\"sc_services_1380448894_1\"\t\t\t\tclass=\"sc_services_item sc_services_item_1 odd first\"\n\t\t\t\t>\n\t\t\t\t<span class=\"sc_icon icon-mobile-1\"><\/span>\t\t\t\t<div class=\"sc_services_item_content\">\n\t\t\t\t\t<h4 class=\"sc_services_item_title\">Kontakte<\/h4>\n\t\t\t\t\t<div class=\"sc_services_item_description\">\n\t\t\t\t\t\t<p>[vc_column_text el_class=&#8220;size-contact&#8220;]<a href=\"tel:+393295340079\">3295340079<\/a><br \/>\n<a href=\"mailto:info@scuolascipadola.it\">info@scuolascipadola.it<\/a>[\/vc_column_text]<\/p>\t\t\t\t\t<\/div>\n\t\t\t\t<\/div>\n\t\t\t<\/div>\n\t\t<\/div><div class=\"column-1_3 column_padding_bottom\">\t\t\t<div id=\"sc_services_1380448894_2\"\t\t\t\tclass=\"sc_services_item sc_services_item_2 even\"\n\t\t\t\t>\n\t\t\t\t<span class=\"sc_icon icon-location-1\"><\/span>\t\t\t\t<div class=\"sc_services_item_content\">\n\t\t\t\t\t<h4 class=\"sc_services_item_title\">Wo sind wir<\/h4>\n\t\t\t\t\t<div class=\"sc_services_item_description\">\n\t\t\t\t\t\t<p>[vc_column_text el_class=&#8220;size-contact&#8220;]Via Rodolfo Martini, 31<br \/>\n32040 Padola (BL)[\/vc_column_text]<\/p>\t\t\t\t\t<\/div>\n\t\t\t\t<\/div>\n\t\t\t<\/div>\n\t\t<\/div><div class=\"column-1_3 column_padding_bottom\">\t\t\t<div id=\"sc_services_1380448894_3\"\t\t\t\tclass=\"sc_services_item sc_services_item_3 odd\"\n\t\t\t\t>\n\t\t\t\t<span class=\"sc_icon icon-clock-1\"><\/span>\t\t\t\t<div class=\"sc_services_item_content\">\n\t\t\t\t\t<h4 class=\"sc_services_item_title\">\u00d6ffnungszeiten<\/h4>\n\t\t\t\t\t<div class=\"sc_services_item_description\">\n\t\t\t\t\t\t<p>[vc_column_text el_class=&#8220;size-contact&#8220;]\u00d6ffnungszeiten B\u00fcro :<br \/>\n8.30 \u2013 17.30 Uhr<br \/>\nTelefonisch erreichbar :<br \/>\n08.00 \u2013 19.00 Uhr[\/vc_column_text]<\/p>\t\t\t\t\t<\/div>\n\t\t\t\t<\/div>\n\t\t\t<\/div>\n\t\t<\/div><\/div><\/div><!-- \/.sc_services --><\/div><!-- \/.sc_services_wrap -->[vc_column_text]<div class=\"caldera-grid\" id=\"caldera_form_1\" data-cf-ver=\"1.9.6\" data-cf-form-id=\"CF5c7513c66cee0\"><div id=\"caldera_notices_1\" data-spinner=\"https:\/\/www.scuolascipadola.it\/wp-admin\/images\/spinner.gif\"><\/div><form data-instance=\"1\" class=\"CF5c7513c66cee0 caldera_forms_form cfajax-trigger\" method=\"POST\" enctype=\"multipart\/form-data\" id=\"CF5c7513c66cee0_1\" data-form-id=\"CF5c7513c66cee0\" aria-label=\"form-contatti-de\" data-target=\"#caldera_notices_1\" data-template=\"#cfajax_CF5c7513c66cee0-tmpl\" data-cfajax=\"CF5c7513c66cee0\" data-load-element=\"_parent\" data-load-class=\"cf_processing\" data-post-disable=\"0\" data-action=\"cf_process_ajax_submit\" data-request=\"https:\/\/www.scuolascipadola.it\/de\/\/cf-api\/CF5c7513c66cee0\">\r\n<input type=\"hidden\" id=\"_cf_verify_CF5c7513c66cee0\" name=\"_cf_verify\" value=\"b6b69e1b88\"  data-nonce-time=\"1776227118\" \/><input type=\"hidden\" name=\"_wp_http_referer\" value=\"\/de\/wp-json\/wp\/v2\/pages\/3177\" \/><div id=\"cf2-CF5c7513c66cee0_1\"><\/div><input type=\"hidden\" name=\"_cf_frm_id\" value=\"CF5c7513c66cee0\">\r\n<input type=\"hidden\" name=\"_cf_frm_ct\" value=\"1\">\r\n<input type=\"hidden\" name=\"cfajax\" value=\"CF5c7513c66cee0\">\r\n<input type=\"hidden\" name=\"_cf_cr_pst\" value=\"3177\">\r\n<div class=\"hide\" style=\"display:none; overflow:hidden;height:0;width:0;\">\r\n<label>Web Site<\/label><input type=\"text\" name=\"web_site\" value=\"\" autocomplete=\"off\">\r\n<\/div><div id=\"CF5c7513c66cee0_1-row-1\"  class=\"row  first_row\"><div  class=\"col-sm-4  first_col\"><div data-field-wrapper=\"fld_8768091\" class=\"form-group padding-form\" id=\"fld_8768091_1-wrap\">\r\n\t<label id=\"fld_8768091Label\" for=\"fld_8768091_1\" class=\"control-label screen-reader-text sr-only\">NAME<\/label>\r\n\t<div class=\"\">\r\n\t\t<input placeholder=\"NAME\"  required type=\"text\" data-field=\"fld_8768091\" class=\" form-control\" id=\"fld_8768091_1\" name=\"fld_8768091\" value=\"\" data-type=\"text\" aria-required=\"true\"   aria-labelledby=\"fld_8768091Label\" >\t\t\t<\/div>\r\n<\/div>\r\n<\/div><div  class=\"col-sm-4 \"><div data-field-wrapper=\"fld_9970286\" class=\"form-group padding-form\" id=\"fld_9970286_1-wrap\">\r\n\t<label id=\"fld_9970286Label\" for=\"fld_9970286_1\" class=\"control-label screen-reader-text sr-only\">NACHNAME<\/label>\r\n\t<div class=\"\">\r\n\t\t<input placeholder=\"NACHNAME\"  required type=\"text\" data-field=\"fld_9970286\" class=\" form-control\" id=\"fld_9970286_1\" name=\"fld_9970286\" value=\"\" data-type=\"text\" aria-required=\"true\"   aria-labelledby=\"fld_9970286Label\" >\t\t\t<\/div>\r\n<\/div>\r\n<\/div><div  class=\"col-sm-4  last_col\"><div data-field-wrapper=\"fld_6009157\" class=\"form-group padding-form\" id=\"fld_6009157_1-wrap\">\r\n\t<label id=\"fld_6009157Label\" for=\"fld_6009157_1\" class=\"control-label screen-reader-text sr-only\">EMAIL<\/label>\r\n\t<div class=\"\">\r\n\t\t<input placeholder=\"EMAIL\"  required type=\"email\" data-field=\"fld_6009157\" class=\" form-control\" id=\"fld_6009157_1\" name=\"fld_6009157\" value=\"\" data-type=\"email\" aria-required=\"true\"   aria-labelledby=\"fld_6009157Label\" >\t\t\t<\/div>\r\n<\/div>\r\n<\/div><\/div><div id=\"CF5c7513c66cee0_1-row-2\"  class=\"row \"><div  class=\"col-sm-12  single\"><div data-field-wrapper=\"fld_8317119\" class=\"form-group padding-form\" id=\"fld_8317119_1-wrap\">\r\n\t<label id=\"fld_8317119Label\" for=\"fld_8317119_1\" class=\"control-label screen-reader-text sr-only\">OBJECT<\/label>\r\n\t<div class=\"\">\r\n\t\t<input placeholder=\"OBJECT\"  required type=\"text\" data-field=\"fld_8317119\" class=\" form-control\" id=\"fld_8317119_1\" name=\"fld_8317119\" value=\"\" data-type=\"text\" aria-required=\"true\"   aria-labelledby=\"fld_8317119Label\" >\t\t\t<\/div>\r\n<\/div>\r\n<div data-field-wrapper=\"fld_7683514\" class=\"form-group padding-form\" id=\"fld_7683514_1-wrap\">\r\n\t<label id=\"fld_7683514Label\" for=\"fld_7683514_1\" class=\"control-label screen-reader-text sr-only\">SCHREIBEN SIE DIE NACHRICHT<\/label>\r\n\t<div class=\"\">\r\n\t\t<textarea name=\"fld_7683514\" value=\"\" data-field=\"fld_7683514\" class=\"form-control\" id=\"fld_7683514_1\" rows=\"7\" placeholder=\"SCHREIBEN SIE DIE NACHRICHT\"  required=\"required\"  aria-labelledby=\"fld_7683514Label\" ><\/textarea>\n\t\t\t<\/div>\r\n<\/div>\r\n<\/div><\/div><div id=\"CF5c7513c66cee0_1-row-3\"  class=\"row  last_row\"><div  class=\"col-sm-12  single\"><div data-field-wrapper=\"fld_7908577\" class=\"form-group\" id=\"fld_7908577_1-wrap\">\r\n<div class=\"\">\r\n\t<input  class=\"btn btn-default\" type=\"submit\" name=\"fld_7908577\" id=\"fld_7908577_1\" value=\"SENDEN\" data-field=\"fld_7908577\"  >\n<\/div>\r\n<\/div>\r\n\t<input class=\"button_trigger_1\" type=\"hidden\" name=\"fld_7908577\" id=\"fld_7908577_1_btn\" value=\"\" data-field=\"fld_7908577\"  \/>\n<\/div><\/div><\/form>\r\n<\/div>\r\n[\/vc_column_text][\/vc_column][\/vc_row]<\/p>\n<\/div>","protected":false},"excerpt":{"rendered":"<p>[vc_row css=&#8220;.vc_custom_1529479750714{margin-top: 50px !important;}&#8220;][vc_column][vc_custom_heading text=&#8220;&#8220; font_container=&#8220;tag:div|font_size:0.933em|text_align:left|color:%23cecece|line_height:3.5em&#8220; google_fonts=&#8220;font_family:Montserrat%3Aregular%2C700|font_style:400%20regular%3A400%3Anormal&#8220;][vc_empty_space][\/vc_column][\/vc_row][vc_row css=&#8220;.vc_custom_1529479750714{margin-top: 50px !important;}&#8220;][vc_column width=&#8220;1\/4&#8243;][vc_single_image image=&#8220;2209&#8243; img_size=&#8220;large&#8220; css_animation=&#8220;fadeIn&#8220;][\/vc_column][vc_column width=&#8220;1\/4&#8243;][vc_single_image image=&#8220;2208&#8243; img_size=&#8220;large&#8220; css_animation=&#8220;fadeIn&#8220;][\/vc_column][vc_column width=&#8220;1\/4&#8243;][vc_single_image image=&#8220;2207&#8243; img_size=&#8220;large&#8220; css_animation=&#8220;fadeIn&#8220;][\/vc_column][vc_column width=&#8220;1\/4&#8243;][vc_single_image image=&#8220;2210&#8243; img_size=&#8220;large&#8220; css_animation=&#8220;fadeIn&#8220;][\/vc_column][\/vc_row][vc_row][vc_column][vc_empty_space height=&#8220;3em&#8220;][vc_custom_heading text=&#8220;&#8220; font_container=&#8220;tag:div|font_size:0.933em|text_align:left|color:%23cecece|line_height:3.5em&#8220; google_fonts=&#8220;font_family:Montserrat%3Aregular%2C700|font_style:400%20regular%3A400%3Anormal&#8220;][vc_btn title=&#8220;Mehr Info&#8220; color=&#8220;primary&#8220; link=&#8220;url:https%3A%2F%2Fwww.scuolascipadola.it%2Fde%2Fskiverleih%2F|&#8220;][\/vc_column][\/vc_row][vc_row inverse=&#8220;&#8220; el_id=&#8220;abc&#8220;][vc_column][vc_empty_space height=&#8220;0.7em&#8220;][vc_column_text][\/vc_column_text][\/vc_column][\/vc_row]<\/p>\n","protected":false},"author":1,"featured_media":0,"parent":3130,"menu_order":0,"comment_status":"closed","ping_status":"closed","template":"","meta":{"_exactmetrics_skip_tracking":false,"_exactmetrics_sitenote_active":false,"_exactmetrics_sitenote_note":"","_exactmetrics_sitenote_category":0,"footnotes":""},"class_list":["post-3177","page","type-page","status-publish","hentry"],"_links":{"self":[{"href":"https:\/\/www.scuolascipadola.it\/de\/wp-json\/wp\/v2\/pages\/3177","targetHints":{"allow":["GET"]}}],"collection":[{"href":"https:\/\/www.scuolascipadola.it\/de\/wp-json\/wp\/v2\/pages"}],"about":[{"href":"https:\/\/www.scuolascipadola.it\/de\/wp-json\/wp\/v2\/types\/page"}],"author":[{"embeddable":true,"href":"https:\/\/www.scuolascipadola.it\/de\/wp-json\/wp\/v2\/users\/1"}],"replies":[{"embeddable":true,"href":"https:\/\/www.scuolascipadola.it\/de\/wp-json\/wp\/v2\/comments?post=3177"}],"version-history":[{"count":0,"href":"https:\/\/www.scuolascipadola.it\/de\/wp-json\/wp\/v2\/pages\/3177\/revisions"}],"up":[{"embeddable":true,"href":"https:\/\/www.scuolascipadola.it\/de\/wp-json\/wp\/v2\/pages\/3130"}],"wp:attachment":[{"href":"https:\/\/www.scuolascipadola.it\/de\/wp-json\/wp\/v2\/media?parent=3177"}],"curies":[{"name":"wp","href":"https:\/\/api.w.org\/{rel}","templated":true}]}}